{"id":58,"date":"2018-11-26T18:45:32","date_gmt":"2018-11-26T18:45:32","guid":{"rendered":"https:\/\/hackethal-metall.de\/?page_id=58"},"modified":"2019-09-19T12:41:42","modified_gmt":"2019-09-19T12:41:42","slug":"impressum","status":"publish","type":"page","link":"https:\/\/www.hackethal-metall.com\/index.php\/impressum\/","title":{"rendered":"Impressum"},"content":{"rendered":"<section class=\"content-6777\">\n<div class=\"container \">\n<div class=\"row\">\n<div class=\"xs-12 s-12 m-12 l-12 titel\">\n<p><strong>Hackethal Metall Industrievertretungen<\/strong><br \/>\nIn den Wiesen 27<br \/>\n51467 Bergisch Gladbach \u2013 Schildgen<\/p>\n<p><strong>Tel:<\/strong> 0 22 02 \/ 289 40 \u2013 0<br \/>\n<strong>Fax:<\/strong> 0 22 02 \/ 289 40 \u2013 29<br \/>\n<strong>E-Mail:<\/strong> <a href=\"mailto:info@hackethal-metall.com\">info@hackethal-metall.com<\/a><br \/>\n<strong>Web:<\/strong> <a title=\"Start\" href=\"http:\/\/server\/wordpress\/131372\/\">www.hackethal-metall.com<\/a><\/p>\n<p><strong>USt-IdNr.:<\/strong> DE272437379<\/p>\n<p><strong>Inhaber:<\/strong> Michael Hackethal<\/p>\n<h3>Haftungsausschluss<\/h3>\n<p><strong>1.<\/strong> Inhalt des Onlineangebotes Hackethal Metall \u00fcbernimmt keinerlei Gew\u00e4hr f\u00fcr die Aktualit\u00e4t, Korrektheit, Vollst\u00e4ndigkeit oder Qualit\u00e4t der bereitgestellten Informationen, Haftungsanspr\u00fcche gegen Hackethal Metall, die sich auf Sch\u00e4den materieller oder ideeller Art beziehen, welche durch die Nutzung oder Nichtnutzung der dargebotenen Informationen bzw. durch die Nutzung fehlerhafter und unvollst\u00e4ndiger Informationen verursacht wurden, sind grunds\u00e4tzlich ausgeschlossen, sofern seitens Hackethal Metall kein nachweislich vors\u00e4tzliches oder grob fahrl\u00e4ssiges Verschulden vorliegt. Alle Angebote sind frei bleibend und unverbindlich. Hackethal Metall beh\u00e4lt sich ausdr\u00fccklich vor, Teile der Seiten oder das gesamte Angebot ohne gesonderte Ank\u00fcndigung zu ver\u00e4ndern, zu erg\u00e4nzen, zu l\u00f6schen oder die Ver\u00f6ffentlichung zeitweise oder endg\u00fcltig einzustellen.<\/p>\n<p><strong>2. Verweise und Links<\/strong><\/p>\n<p>Sofern auf Links direkt oder indirekt verwiesen wird, die au\u00dferhalb des Verantwortungsbereiches von Hackethal Metall liegen, haftet Hackethal Metall nur dann, wenn Hackethal Metall von den Inhalten Kenntnis hat und es f\u00fcr Hackethal Metall technisch m\u00f6glich und zumutbar w\u00e4re, die Nutzung im Falle rechtswidriger Inhalte zu verhindern. F\u00fcr dar\u00fcber hinausgehende Inhalte und insbesondere f\u00fcr Sch\u00e4den, die aus der Nutzung oder Nichtnutzung solcherart dargebotener Informationen entstehen, haftet allein der Anbieter dieser Seiten, nicht derjenige, der lediglich \u00fcber Links auf die jeweilige Ver\u00f6ffentlichung verweist.<\/p>\n<p><strong>3. Urheberrecht<\/strong><\/p>\n<p>Das Copyright f\u00fcr selbst erstellte Objekte und deren Ver\u00f6ffentlichung bleibt allein bei Hackethal Metall. Eine Vervielf\u00e4ltigung oder Verwendung von Grafiken, Sounds oder Texten in anderen elektronisch abspielbaren oder gedruckten Publikationen ist ohne ausdr\u00fcckliche Zustimmung von Hackethal Metall nicht gestattet.<\/p>\n<p><strong>4. Rechtswirksamkeit<\/strong><\/p>\n<p>Dieser Haftungsausschluss ist als Teil des Internetangebotes zu betrachten, von dem aus auf diese Seite verwiesen wurde. Sofern Teile oder einzelne Formulierungen dieses Textes der geltenden Rechtslage nicht, nicht mehr oder nicht vollst\u00e4ndig entsprechen sollten, bleiben die \u00fcbrigen Teile des Dokumentes in ihrem Inhalt und ihrer G\u00fcltigkeit davon unber\u00fchrt.<\/p>\n<p><strong>5. Datenschutz<\/strong><\/p>\n<p>Daten, die an Hackethal Metall \u00fcbermittelt werden, um Informationen oder Dienstleistungen zu erhalten, werden im Sinne der datenschutzrechtlichen Bestimmungen des BDSG durch Hackethal Metall erfasst, bearbeitet und gespeichert. Pers\u00f6nliche Angaben werden vertraulich behandelt und keinesfalls an Dritte weitergeleitet.<\/p>\n<\/div>\n<\/div>\n<\/div>\n<\/section>\n","protected":false},"excerpt":{"rendered":"<p>Hackethal Metall Industrievertretungen In den Wiesen 27 51467 Bergisch Gladbach \u2013 Schildgen Tel: 0 22 02 \/ 289 40 \u2013 0 Fax: 0 22 02 \/ 289 40 \u2013 29 E-Mail: info@hackethal-metall.com Web: www.hackethal-metall.com USt-IdNr.: DE272437379 Inhaber: Michael Hackethal Haftungsausschluss 1. Inhalt des Onlineangebotes Hackethal Metall \u00fcbernimmt keinerlei Gew\u00e4hr f\u00fcr die Aktualit\u00e4t, Korrektheit, Vollst\u00e4ndigkeit oder &hellip; <\/p>\n<p class=\"link-more\"><a href=\"https:\/\/www.hackethal-metall.com\/index.php\/impressum\/\" class=\"more-link\"><span class=\"screen-reader-text\">\u201eImpressum\u201c <\/span>weiterlesen<\/a><\/p>\n","protected":false},"author":1,"featured_media":0,"parent":0,"menu_order":0,"comment_status":"closed","ping_status":"closed","template":"","meta":{"footnotes":""},"class_list":["post-58","page","type-page","status-publish","hentry"],"_links":{"self":[{"href":"https:\/\/www.hackethal-metall.com\/index.php\/wp-json\/wp\/v2\/pages\/58","targetHints":{"allow":["GET"]}}],"collection":[{"href":"https:\/\/www.hackethal-metall.com\/index.php\/wp-json\/wp\/v2\/pages"}],"about":[{"href":"https:\/\/www.hackethal-metall.com\/index.php\/wp-json\/wp\/v2\/types\/page"}],"author":[{"embeddable":true,"href":"https:\/\/www.hackethal-metall.com\/index.php\/wp-json\/wp\/v2\/users\/1"}],"replies":[{"embeddable":true,"href":"https:\/\/www.hackethal-metall.com\/index.php\/wp-json\/wp\/v2\/comments?post=58"}],"version-history":[{"count":3,"href":"https:\/\/www.hackethal-metall.com\/index.php\/wp-json\/wp\/v2\/pages\/58\/revisions"}],"predecessor-version":[{"id":67,"href":"https:\/\/www.hackethal-metall.com\/index.php\/wp-json\/wp\/v2\/pages\/58\/revisions\/67"}],"wp:attachment":[{"href":"https:\/\/www.hackethal-metall.com\/index.php\/wp-json\/wp\/v2\/media?parent=58"}],"curies":[{"name":"wp","href":"https:\/\/api.w.org\/{rel}","templated":true}]}}