{"id":37,"date":"2018-11-26T13:09:25","date_gmt":"2018-11-26T13:09:25","guid":{"rendered":"https:\/\/hackethal-metall.de\/?page_id=37"},"modified":"2018-11-26T13:09:25","modified_gmt":"2018-11-26T13:09:25","slug":"unsere-partner","status":"publish","type":"page","link":"https:\/\/www.hackethal-metall.com\/index.php\/unsere-partner\/","title":{"rendered":"Unsere Partner"},"content":{"rendered":"<p>Um unseren Kunden den bestm\u00f6glichen Service, Flexibilit\u00e4t und Qualit\u00e4t zu gew\u00e4hrleisten, ist die Auswahl der Partner mit gro\u00dfer Sorgfalt zu betrachten.<\/p>\n<p>Hierf\u00fcr haben wir zwei der f\u00fchrenden Unternehmen in deren Gebieten auserw\u00e4hlt, um Ihnen weiterhin unsere obersten Attribute wie:<\/p>\n<ul>\n<li>Zuverl\u00e4ssigkeit<\/li>\n<li>marktf\u00e4hige und faire Preise<\/li>\n<li>Flexibilit\u00e4t<\/li>\n<li>umfangreiches Sortiment<\/li>\n<li>Qualit\u00e4t<\/li>\n<li>kurze und schnelle Wege<\/li>\n<\/ul>\n<p>zu gew\u00e4hrleisten.<\/p>\n<h3>Warum Hackethal Metall?<\/h3>\n<ul>\n<li>direkt vom Hersteller bzw. Service \u2013 Center<\/li>\n<li>keine Zwischenh\u00e4ndler<\/li>\n<li>1 Ansprechpartner b\u00fcndelt Ihren Metallbedarf<\/li>\n<li>Individualit\u00e4t durch Neuproduktion bzw. Blechbearbeitung in Verbindung mit anerkannten renommierten Unternehmen<\/li>\n<li>kompetente Ansprechpartner bei Ihnen vor Ort<\/li>\n<li>keine Hotline<\/li>\n<\/ul>\n<p>Als direkter Ansprechpartner und offizielle Vertriebsrepr\u00e4sentanz f\u00fcr Ihre Bedarfe, Anregungen oder W\u00fcnsche stehen wir Ihnen jederzeit gerne zur Verf\u00fcgung.<\/p>\n<p>Auch in einem pers\u00f6nlichen Gespr\u00e4ch stellen wir Ihnen selbstverst\u00e4ndlich unsere M\u00f6glichkeiten mit folgenden Partnern vor:<\/p>\n","protected":false},"excerpt":{"rendered":"<p>Um unseren Kunden den bestm\u00f6glichen Service, Flexibilit\u00e4t und Qualit\u00e4t zu gew\u00e4hrleisten, ist die Auswahl der Partner mit gro\u00dfer Sorgfalt zu betrachten. Hierf\u00fcr haben wir zwei der f\u00fchrenden Unternehmen in deren Gebieten auserw\u00e4hlt, um Ihnen weiterhin unsere obersten Attribute wie: Zuverl\u00e4ssigkeit marktf\u00e4hige und faire Preise Flexibilit\u00e4t umfangreiches Sortiment Qualit\u00e4t kurze und schnelle Wege zu gew\u00e4hrleisten. Warum &hellip; <\/p>\n<p class=\"link-more\"><a href=\"https:\/\/www.hackethal-metall.com\/index.php\/unsere-partner\/\" class=\"more-link\"><span class=\"screen-reader-text\">\u201eUnsere Partner\u201c <\/span>weiterlesen<\/a><\/p>\n","protected":false},"author":1,"featured_media":0,"parent":0,"menu_order":0,"comment_status":"closed","ping_status":"closed","template":"","meta":{"footnotes":""},"class_list":["post-37","page","type-page","status-publish","hentry"],"_links":{"self":[{"href":"https:\/\/www.hackethal-metall.com\/index.php\/wp-json\/wp\/v2\/pages\/37","targetHints":{"allow":["GET"]}}],"collection":[{"href":"https:\/\/www.hackethal-metall.com\/index.php\/wp-json\/wp\/v2\/pages"}],"about":[{"href":"https:\/\/www.hackethal-metall.com\/index.php\/wp-json\/wp\/v2\/types\/page"}],"author":[{"embeddable":true,"href":"https:\/\/www.hackethal-metall.com\/index.php\/wp-json\/wp\/v2\/users\/1"}],"replies":[{"embeddable":true,"href":"https:\/\/www.hackethal-metall.com\/index.php\/wp-json\/wp\/v2\/comments?post=37"}],"version-history":[{"count":1,"href":"https:\/\/www.hackethal-metall.com\/index.php\/wp-json\/wp\/v2\/pages\/37\/revisions"}],"predecessor-version":[{"id":38,"href":"https:\/\/www.hackethal-metall.com\/index.php\/wp-json\/wp\/v2\/pages\/37\/revisions\/38"}],"wp:attachment":[{"href":"https:\/\/www.hackethal-metall.com\/index.php\/wp-json\/wp\/v2\/media?parent=37"}],"curies":[{"name":"wp","href":"https:\/\/api.w.org\/{rel}","templated":true}]}}